{"id":8,"date":"2013-01-01T16:53:59","date_gmt":"2013-01-01T15:53:59","guid":{"rendered":"https:\/\/www.lesgarszellesfontenoises.fr\/?page_id=8"},"modified":"2026-05-06T14:58:59","modified_gmt":"2026-05-06T12:58:59","slug":"accueil","status":"publish","type":"page","link":"https:\/\/www.lesgarszellesfontenoises.fr\/","title":{"rendered":"Accueil"},"content":{"rendered":"\n<p class=\"has-text-align-center has-vivid-red-color has-text-color has-link-color has-x-large-font-size wp-elements-42c70877699fa160b01e77164cd12890\"><strong>LE RELAIS DES GARS&rsquo;Z&rsquo;ELLES 2026<\/strong><\/p>\n\n\n<style type='text\/css'>.wpcdt-timer-12812 .wpcdt-clock{max-width: 750px;}<\/style>\n<div class=\"wpcdt-wrap wpcdt-timer-wrap wpcdt-clearfix  wpcdt-timer-circle wpcdt-timer-12812\" data-conf=\"{&quot;current_date&quot;:&quot;2026-05-08 13:17:13&quot;,&quot;expiry_date&quot;:&quot;2026-06-27 18:00:00&quot;,&quot;timercircle_animation&quot;:&quot;smooth&quot;,&quot;timercircle_width&quot;:0.1,&quot;timer_bg_width&quot;:1.2,&quot;timer_bgclr&quot;:&quot;#313332&quot;,&quot;timer_day_bgclr&quot;:&quot;#e3be32&quot;,&quot;timer_hour_bgclr&quot;:&quot;#36b0e3&quot;,&quot;timer_minute_bgclr&quot;:&quot;#75bf44&quot;,&quot;timer_second_bgclr&quot;:&quot;#66c5af&quot;,&quot;day_text&quot;:&quot;Jours&quot;,&quot;hour_text&quot;:&quot;Heures&quot;,&quot;minute_text&quot;:&quot;Minutes&quot;,&quot;second_text&quot;:&quot;Secondes&quot;,&quot;is_days&quot;:1,&quot;is_hours&quot;:1,&quot;is_minutes&quot;:1,&quot;is_seconds&quot;:1}\">\n\t<div class=\"wpcdt-timer-inr wpcdt-timer wpcdt-timer-js\" id=\"wpcdt-timer-1\" data-id=\"12812\">\n\t\t<div class=\"wpcdt-clock wpcdt-clock-circle\" data-timer=\"4336967\"><\/div>\n\t<\/div>\n<\/div>\n\n\n<p class=\"has-text-align-center has-vivid-red-color has-text-color has-link-color has-x-large-font-size wp-elements-50b1f3803b401c4814e1513f14c90cd2\"><strong>SAMEDI 27 JUIN 2026<\/strong><\/p>\n\n\n\n<p class=\"has-medium-font-size\">Apr\u00e8s notre 7<sup>\u00e8me<\/sup> \u00e9dition qui s\u2019est termin\u00e9e avec plus de 510 participants, les Gars\u2019Z\u2019Elles Fontenoises organisent une nouvelle fois \u201cLe Relais des Gars\u2019Z\u2019Elles\u201c sur Fontaine le Comte (86) le samedi 27 juin 2026.<\/p>\n\n\n\n<p class=\"has-large-font-size\"><strong><a href=\"https:\/\/www.lesgarszellesfontenoises.fr\/index.php\/2026\/03\/27\/le-relais-des-garszelles-2026\/\">Les d\u00e9tails &#8230;..<\/a><\/strong><\/p>\n\n\n\n<p class=\"has-text-align-center has-white-color has-text-color has-link-color wp-elements-104df3c61fd093391e60c2200572d255\">_____________________________________________________________________________________________________<\/p>\n\n\n\n<figure class=\"wp-block-image size-large\"><img loading=\"lazy\" decoding=\"async\" width=\"1024\" height=\"718\" src=\"https:\/\/www.lesgarszellesfontenoises.fr\/wp-content\/uploads\/2024\/11\/2024.11.09-Semi-marathon-Cognac-groupe1-1024x718.jpg\" alt=\"\" class=\"wp-image-23343\" srcset=\"https:\/\/www.lesgarszellesfontenoises.fr\/wp-content\/uploads\/2024\/11\/2024.11.09-Semi-marathon-Cognac-groupe1-1024x718.jpg 1024w, https:\/\/www.lesgarszellesfontenoises.fr\/wp-content\/uploads\/2024\/11\/2024.11.09-Semi-marathon-Cognac-groupe1-300x210.jpg 300w, https:\/\/www.lesgarszellesfontenoises.fr\/wp-content\/uploads\/2024\/11\/2024.11.09-Semi-marathon-Cognac-groupe1-768x539.jpg 768w, https:\/\/www.lesgarszellesfontenoises.fr\/wp-content\/uploads\/2024\/11\/2024.11.09-Semi-marathon-Cognac-groupe1-1536x1077.jpg 1536w, https:\/\/www.lesgarszellesfontenoises.fr\/wp-content\/uploads\/2024\/11\/2024.11.09-Semi-marathon-Cognac-groupe1-2048x1436.jpg 2048w, https:\/\/www.lesgarszellesfontenoises.fr\/wp-content\/uploads\/2024\/11\/2024.11.09-Semi-marathon-Cognac-groupe1-385x270.jpg 385w\" sizes=\"auto, (max-width: 1024px) 100vw, 1024px\" \/><\/figure>\n\n\n\n<p class=\"has-medium-font-size\">L\u2019association se fixe comme objectif de permettre aux coureurs jusqu\u2019\u00e0 pr\u00e9sent souvent individuels, confirm\u00e9s ou non, de se retrouver pour partager leur discipline sportive dans un esprit de convivialit\u00e9, de joie et bonne humeur sur la commune de Fontaine le Comte ou les communes avoisinantes.<\/p>\n\n\n\n<p class=\"has-medium-font-size\">Actuellement, nous nous retrouvons le dimanche matin \u00e0 9h30 et mercredi \u00e0 18H30, devant la mairie de Fontaine le Comte, pour un d\u00e9part commun. Nous proposons plusieurs parcours le dimanche selon les niveaux et envies des participants.<\/p>\n\n\n\n<p class=\"has-medium-font-size\">Si vous souhaitez nous rencontrer ou partager quelques kilom\u00e8tres, venez nous retrouver dimanche prochain \u00e0 9h30 devant la mairie.<\/p>\n\n\n\n<p class=\"has-medium-font-size\">L\u2019association vous proposera r\u00e9guli\u00e8rement une sortie hors commune afin de d\u00e9couvrir d\u2019autres circuits. Nous essayerons de faire une sortie de ce type environ tous les 2 mois.<\/p>\n\n\n\n<p class=\"has-medium-font-size\">Nous organisons \u00e9galement un rendez-vous le vendredi soir \u00e0 19H00 pour une s\u00e9ance de renforcement musculaire et\/ou une s\u00e9ance \u00e0 th\u00e8me avec notre coach Julien.<\/p>\n\n\n\n<p class=\"has-medium-font-size\">Retrouvez l\u2019actualit\u00e9 de l\u2019association et les articles sur nos derni\u00e8res sorties sur la rubrique \u201c<strong><a href=\"https:\/\/www.lesgarszellesfontenoises.fr\/index.php\/category\/lactualite\/arszellesnew\/\/index.php\/category\/lactualite\/\" target=\"_blank\" rel=\"noreferrer noopener\">L\u2019actualit\u00e9<\/a>\u201c<\/strong><\/p>\n\n\n\n<p class=\"has-text-align-center\">_________________________________________________________________________________<\/p>\n\n\n\n<h3 class=\"wp-block-heading has-text-align-center has-large-font-size has-vivid-red-color has-text-color has-link-color wp-elements-b7e09e2fa8cefd92810865ceb19d8c22\"><strong><strong>Semi et marathon du Futuroscope<\/strong><\/strong><\/h3>\n\n\n<div class=\"wp-block-image\">\n<figure class=\"alignleft size-large is-resized\"><img loading=\"lazy\" decoding=\"async\" width=\"1024\" height=\"766\" src=\"https:\/\/www.lesgarszellesfontenoises.fr\/wp-content\/uploads\/2026\/04\/2026.04.12-Semi-Marathon-Futuroscope-groupe1-1024x766.jpeg\" alt=\"\" class=\"wp-image-26691\" style=\"aspect-ratio:1.336799169396024;width:388px;height:auto\" srcset=\"https:\/\/www.lesgarszellesfontenoises.fr\/wp-content\/uploads\/2026\/04\/2026.04.12-Semi-Marathon-Futuroscope-groupe1-1024x766.jpeg 1024w, https:\/\/www.lesgarszellesfontenoises.fr\/wp-content\/uploads\/2026\/04\/2026.04.12-Semi-Marathon-Futuroscope-groupe1-300x224.jpeg 300w, https:\/\/www.lesgarszellesfontenoises.fr\/wp-content\/uploads\/2026\/04\/2026.04.12-Semi-Marathon-Futuroscope-groupe1-768x574.jpeg 768w, https:\/\/www.lesgarszellesfontenoises.fr\/wp-content\/uploads\/2026\/04\/2026.04.12-Semi-Marathon-Futuroscope-groupe1-1536x1149.jpeg 1536w, https:\/\/www.lesgarszellesfontenoises.fr\/wp-content\/uploads\/2026\/04\/2026.04.12-Semi-Marathon-Futuroscope-groupe1-361x270.jpeg 361w, https:\/\/www.lesgarszellesfontenoises.fr\/wp-content\/uploads\/2026\/04\/2026.04.12-Semi-Marathon-Futuroscope-groupe1.jpeg 1816w\" sizes=\"auto, (max-width: 1024px) 100vw, 1024px\" \/><\/figure>\n<\/div>\n\n\n<p class=\"has-text-align-left has-medium-font-size\">Pour ce week-end sportif, avec les 5 et 10 km de Blossac vendredi ainsi que le semi et le Marathon du Futuroscope ce dimanche matin, de nombreuses Gars\u2019Z\u2019elles ont chauss\u00e9 leurs \u00ab running \u00bb<\/p>\n\n\n\n<p style=\"font-size:26px\"><strong><a href=\"https:\/\/www.lesgarszellesfontenoises.fr\/index.php\/2026\/04\/12\/semi-et-marathon-du-futuroscope-2026\/\" target=\"_blank\" rel=\"noreferrer noopener\">La Suite &#8230;<\/a><\/strong><\/p>\n\n\n\n<p><\/p>\n\n\n\n<p class=\"has-text-align-center has-text-align-enter\">_____________________________________________________________________________________<\/p>\n\n\n<p><!-- \/wp:post-content --><\/p>\n<p><!-- wp:paragraph {\"className\":\"has-text-align-center has-vivid-red-color has-text-color has-link-color has-large-font-size\"} --><\/p>\n<p class=\"has-text-align-center has-vivid-red-color has-text-color has-link-color has-large-font-size\"><strong>Sortie Dominicale<\/strong><\/p>\n<p><!-- \/wp:paragraph --><\/p>\n<p><!-- wp:paragraph {\"className\":\"has-medium-font-size\"} --><\/p>\n<p class=\"has-medium-font-size\">Pour ce dimanche 10\/05\/2026, l&rsquo;association vous propose 3 parcours : 7,5kms, 10kms ou 20kms : ce sera la premi\u00e8re reco des parcours du Relais des Gars&rsquo;z&rsquo;elles 2026 !<\/p>\n<p><!-- \/wp:paragraph --><\/p>\n<p><!-- wp:paragraph {\"fontSize\":\"medium\"} --><\/p>\n<p class=\"has-medium-font-size\"><strong>Bonne sortie \u00e0 toutes et tous. \ud83d\ude00<\/strong><\/p>\n<p><!-- \/wp:paragraph --><\/p>\n<p><!-- wp:paragraph --><\/p>\n<p><iframe style=\"width: 90%; height: 450px; border: 0; border-style: none; overflow: hidden;\" src=\"https:\/\/www.calculitineraires.fr\/serviceweb\/carteweb.php?id=1587064&amp;zoom=auto&amp;type=plan&amp;color=FF0000\" allowfullscreen=\"allowfullscreen\"><\/iframe><\/p>\n<p><iframe style=\"width: 90%; height: 450px; border: 0; border-style: none; overflow: hidden;\" src=\"https:\/\/www.calculitineraires.fr\/serviceweb\/carteweb.php?id=1587096&amp;zoom=auto&amp;type=plan&amp;color=FF0000\" allowfullscreen=\"allowfullscreen\"><\/iframe><\/p>\n<p><!-- \/wp:paragraph --><\/p>","protected":false},"excerpt":{"rendered":"<p>LE RELAIS DES GARS&rsquo;Z&rsquo;ELLES 2026 SAMEDI 27 JUIN 2026 Apr\u00e8s notre 7\u00e8me \u00e9dition qui s\u2019est termin\u00e9e avec plus de 510 participants, les Gars\u2019Z\u2019Elles Fontenoises organisent une nouvelle fois \u201cLe Relais des Gars\u2019Z\u2019Elles\u201c sur Fontaine le Comte (86) le samedi 27 juin 2026. Les d\u00e9tails &#8230;.. _____________________________________________________________________________________________________ L\u2019association se fixe comme objectif de permettre aux coureurs jusqu\u2019\u00e0 pr\u00e9sent souvent individuels, confirm\u00e9s ou non, de se retrouver pour partager leur discipline sportive dans un esprit de convivialit\u00e9, de joie et bonne humeur&#8230;<\/p>\n<p class=\"read-more\"><a class=\"btn btn-default\" href=\"https:\/\/www.lesgarszellesfontenoises.fr\/\">Lire la suite<span class=\"screen-reader-text\"> Lire la suite<\/span><\/a><\/p>\n","protected":false},"author":1,"featured_media":0,"parent":0,"menu_order":0,"comment_status":"closed","ping_status":"closed","template":"","meta":{"_bbp_topic_count":0,"_bbp_reply_count":0,"_bbp_total_topic_count":0,"_bbp_total_reply_count":0,"_bbp_voice_count":0,"_bbp_anonymous_reply_count":0,"_bbp_topic_count_hidden":0,"_bbp_reply_count_hidden":0,"_bbp_forum_subforum_count":0,"footnotes":""},"class_list":["post-8","page","type-page","status-publish","hentry"],"_links":{"self":[{"href":"https:\/\/www.lesgarszellesfontenoises.fr\/index.php\/wp-json\/wp\/v2\/pages\/8","targetHints":{"allow":["GET"]}}],"collection":[{"href":"https:\/\/www.lesgarszellesfontenoises.fr\/index.php\/wp-json\/wp\/v2\/pages"}],"about":[{"href":"https:\/\/www.lesgarszellesfontenoises.fr\/index.php\/wp-json\/wp\/v2\/types\/page"}],"author":[{"embeddable":true,"href":"https:\/\/www.lesgarszellesfontenoises.fr\/index.php\/wp-json\/wp\/v2\/users\/1"}],"replies":[{"embeddable":true,"href":"https:\/\/www.lesgarszellesfontenoises.fr\/index.php\/wp-json\/wp\/v2\/comments?post=8"}],"version-history":[{"count":916,"href":"https:\/\/www.lesgarszellesfontenoises.fr\/index.php\/wp-json\/wp\/v2\/pages\/8\/revisions"}],"predecessor-version":[{"id":26719,"href":"https:\/\/www.lesgarszellesfontenoises.fr\/index.php\/wp-json\/wp\/v2\/pages\/8\/revisions\/26719"}],"wp:attachment":[{"href":"https:\/\/www.lesgarszellesfontenoises.fr\/index.php\/wp-json\/wp\/v2\/media?parent=8"}],"curies":[{"name":"wp","href":"https:\/\/api.w.org\/{rel}","templated":true}]}}