{"id":216,"date":"2020-11-19T20:12:11","date_gmt":"2020-11-19T19:12:11","guid":{"rendered":"https:\/\/www.lesgarszellesfontenoises.fr\/?page_id=216"},"modified":"2020-11-19T20:12:11","modified_gmt":"2020-11-19T19:12:11","slug":"renforcement-musculaire","status":"publish","type":"page","link":"https:\/\/www.lesgarszellesfontenoises.fr\/index.php\/renforcement-musculaire\/","title":{"rendered":"Renforcement musculaire"},"content":{"rendered":"\n<p><strong>Renforcement musculaire \u00ab&nbsp;Course \u00e0 pieds&nbsp;\u00bb, la base<\/strong>.<\/p>\n\n\n\n<p>Dans la mesure du possible, incluez des s\u00e9ances de pr\u00e9paration physique pour&nbsp;:<\/p>\n\n\n\n<p><br><strong>Se pr\u00e9server&nbsp;:<\/strong><\/p>\n\n\n\n<p><br>L\u2019effort et les chocs li\u00e9s \u00e0 la course \u00e0 pieds vont g\u00e9n\u00e9rer une tension sur l\u2019ensemble de votre colonne vert\u00e9brale. Deux groupes musculaires participent \u00e0 son maintien.<\/p>\n\n\n\n<p><br><strong>Les abdos<\/strong>&nbsp;: Pour tonifier votre sangle abdominale, en plus des abdos classiques \u00ab&nbsp;crunch&nbsp;\u00bb un excellent exercice est celui des chandelles, elles sollicitent l\u2019ensemble des muscles abdominaux. Et notamment le muscle transverse. C\u2019est celui qui se contracte quand vous riez, et surtout celui qui fait rentrer le ventre&nbsp;!<\/p>\n\n\n\n<p><br><strong>Les lombaires<\/strong>&nbsp;: Le gainage, incontournable pour prot\u00e9ger son dos, travaillez en appui sur les coudes, de face et de c\u00f4t\u00e9. Commencez par des s\u00e9quences de 20\u2019\u2019 puis augmentez les temps progressivement. Il est imp\u00e9ratif de respecter l\u2019alignement pieds, bassin, tronc, \u00e9paules et t\u00eate.<\/p>\n\n\n\n<p><br><strong>Se pr\u00e9parer&nbsp;:<\/strong><\/p>\n\n\n\n<p><br>Deux exercices incontournables pour vous tonifier et progresser r\u00e9guli\u00e8rement&nbsp;: les squats et les fentes avant. Ces deux exercices sollicitent en profondeur l\u2019ensemble de la chaine musculaire, de la nuque aux orteils&nbsp;!<br><strong>Les squats<\/strong>&nbsp;: debout, jambes \u00e9cart\u00e9es de la largeur des \u00e9paules, bras tendus et regard vers l\u2019avant, fl\u00e9chissez les jambes en appuyant fort sur vos talons et poussez vos fesses vers l\u2019arri\u00e8re jusqu\u2019\u00e0 avoir les cuisses parall\u00e8les au sol, puis remontez. Gardez le dos droit et le regard \u00e0 l\u2019horizontal. Soufflez en remontant.<\/p>\n\n\n\n<p><br><strong>Les fentes<\/strong>, d\u00e9marrez en station debout, et faites un grand pas en avant. Fl\u00e9chissez alors jusqu\u2019\u00e0 ce que votre genou approche de quelque centim\u00e8tre le sol, puis revenez \u00e0 votre position de d\u00e9part, une variante, faites une succession de grands pas. Soufflez en remontant.<\/p>\n\n\n\n<p><strong>Vous gagnerez en puissance et ainsi en facilit\u00e9 pour absorber les bosses sur vos parcours.<\/strong><\/p>\n\n\n\n<p><br>Le bonus, ces exercices permettent de galber les jambes et les fesses&nbsp;!<\/p>\n","protected":false},"excerpt":{"rendered":"<p>Renforcement musculaire \u00ab&nbsp;Course \u00e0 pieds&nbsp;\u00bb, la base. Dans la mesure du possible, incluez des s\u00e9ances de pr\u00e9paration physique pour&nbsp;: Se pr\u00e9server&nbsp;: L\u2019effort et les chocs li\u00e9s \u00e0 la course \u00e0 pieds vont g\u00e9n\u00e9rer une tension sur l\u2019ensemble de votre colonne vert\u00e9brale. Deux groupes musculaires participent \u00e0 son maintien. Les abdos&nbsp;: Pour tonifier votre sangle abdominale, en plus des abdos classiques \u00ab&nbsp;crunch&nbsp;\u00bb un excellent exercice est celui des chandelles, elles sollicitent l\u2019ensemble des muscles abdominaux. Et notamment le muscle transverse. C\u2019est&#8230;<\/p>\n<p class=\"read-more\"><a class=\"btn btn-default\" href=\"https:\/\/www.lesgarszellesfontenoises.fr\/index.php\/renforcement-musculaire\/\">Lire la suite<span class=\"screen-reader-text\"> Lire la suite<\/span><\/a><\/p>\n","protected":false},"author":1,"featured_media":0,"parent":0,"menu_order":0,"comment_status":"closed","ping_status":"closed","template":"","meta":{"_bbp_topic_count":0,"_bbp_reply_count":0,"_bbp_total_topic_count":0,"_bbp_total_reply_count":0,"_bbp_voice_count":0,"_bbp_anonymous_reply_count":0,"_bbp_topic_count_hidden":0,"_bbp_reply_count_hidden":0,"_bbp_forum_subforum_count":0,"footnotes":""},"class_list":["post-216","page","type-page","status-publish","hentry"],"_links":{"self":[{"href":"https:\/\/www.lesgarszellesfontenoises.fr\/index.php\/wp-json\/wp\/v2\/pages\/216","targetHints":{"allow":["GET"]}}],"collection":[{"href":"https:\/\/www.lesgarszellesfontenoises.fr\/index.php\/wp-json\/wp\/v2\/pages"}],"about":[{"href":"https:\/\/www.lesgarszellesfontenoises.fr\/index.php\/wp-json\/wp\/v2\/types\/page"}],"author":[{"embeddable":true,"href":"https:\/\/www.lesgarszellesfontenoises.fr\/index.php\/wp-json\/wp\/v2\/users\/1"}],"replies":[{"embeddable":true,"href":"https:\/\/www.lesgarszellesfontenoises.fr\/index.php\/wp-json\/wp\/v2\/comments?post=216"}],"version-history":[{"count":1,"href":"https:\/\/www.lesgarszellesfontenoises.fr\/index.php\/wp-json\/wp\/v2\/pages\/216\/revisions"}],"predecessor-version":[{"id":217,"href":"https:\/\/www.lesgarszellesfontenoises.fr\/index.php\/wp-json\/wp\/v2\/pages\/216\/revisions\/217"}],"wp:attachment":[{"href":"https:\/\/www.lesgarszellesfontenoises.fr\/index.php\/wp-json\/wp\/v2\/media?parent=216"}],"curies":[{"name":"wp","href":"https:\/\/api.w.org\/{rel}","templated":true}]}}